{"id":679,"date":"2016-08-02T21:59:29","date_gmt":"2016-08-02T18:59:29","guid":{"rendered":"http:\/\/latini.co.il\/?page_id=679"},"modified":"2016-09-30T14:17:32","modified_gmt":"2016-09-30T11:17:32","slug":"%d7%95%d7%99%d7%a0%d7%99%d7%94-%d7%93%d7%9c-%d7%9e%d7%90%d7%a8","status":"publish","type":"page","link":"https:\/\/latini.co.il\/?page_id=679","title":{"rendered":"\u05d5\u05d9\u05e0\u05d9\u05d4 \u05d3\u05dc \u05de\u05d0\u05e8"},"content":{"rendered":"<p>\u05d4\u05e2\u05d9\u05e8 \u05e9\u05e0\u05de\u05e6\u05d0\u05ea \u05d1\u05de\u05e8\u05db\u05d6 \u05e6'\u05d9\u05dc\u05d4 \u05e9\u05d5\u05db\u05e0\u05ea \u05d1\u05e1\u05de\u05d5\u05da \u05dc\u05d5\u05d5\u05dc\u05e4\u05e8\u05d0\u05d9\u05e1\u05d5 \u05d5\u05dc\u05d0 \u05e8\u05d7\u05d5\u05e7 \u05de\u05d4\u05d1\u05d9\u05e8\u05d4 \u05e1\u05e0\u05d8\u05d9\u05d0\u05d2\u05d5, \u05de\u05e2\u05d1\u05e8 \u05dc\u05db\u05da \u05d4\u05e2\u05d9\u05e8 \u05d4\u05d9\u05e0\u05d4 \u05d4\u05d9\u05d0 \u05d4\u05e8\u05d1\u05d9\u05e2\u05d9\u05ea \u05d1\u05d2\u05d5\u05d3\u05dc\u05d4 \u05d5\u05d0\u05d5\u05db\u05dc\u05d5\u05e1\u05d9\u05ea\u05d4 \u05de\u05d5\u05e0\u05d4 \u05dc\u05de\u05e2\u05dc\u05d4 \u05de- 300,000 \u05ea\u05d5\u05e9\u05d1\u05d9\u05dd. \u05d5\u05d9\u05e0\u05d9\u05d4 \u05d3\u05dc \u05de\u05d0\u05e8 \u05d9\u05d3\u05d5\u05e2\u05d4 \u05db\u05e2\u05d9\u05e8 \u05e4\u05d5\u05e4\u05d5\u05dc\u05e8\u05d9\u05ea \u05d5\u05ea\u05d9\u05d9\u05e8\u05d5\u05ea\u05d9\u05ea \u05de\u05d0\u05d5\u05d3 \u05d4\u05de\u05d5\u05e9\u05db\u05ea \u05d0\u05dc\u05d9\u05d4 \u05ea\u05d9\u05d9\u05e8\u05d9\u05dd \u05e8\u05d1\u05d9\u05dd \u05de\u05e6'\u05d9\u05dc\u05d4 \u05d5\u05de\u05d7\u05d5\u05e6\u05d4 \u05dc\u05d4 \u05d1\u05e2\u05d9\u05e7\u05e8 \u05d1\u05d6\u05db\u05d5\u05ea \u05d7\u05d5\u05e4\u05d9\u05d4 \u05d4\u05de\u05e8\u05d4\u05d9\u05d1\u05d9\u05dd. \u05de\u05dc\u05d1\u05d3 \u05d7\u05d5\u05e4\u05d9 \u05d4\u05d9\u05dd \u05d4\u05de\u05e8\u05e9\u05d9\u05de\u05d9\u05dd \u05ea\u05d5\u05db\u05dc\u05d5 \u05d2\u05dd \u05dc\u05d9\u05d4\u05e0\u05d5\u05ea \u05de\u05d4\u05e2\u05d9\u05e8 \u05d4\u05de\u05e1\u05d5\u05d3\u05e8\u05ea \u05d5\u05d4\u05de\u05d8\u05d5\u05e4\u05d7\u05ea \u05dc\u05d4\u05e4\u05dc\u05d9\u05d0 \u05e9\u05de\u05dc\u05d0\u05d4 \u05d1\u05d2\u05e0\u05d9\u05dd \u05e4\u05e8\u05d7\u05d5\u05e0\u05d9\u05d9\u05dd \u05d5\u05d1\u05de\u05d1\u05e0\u05d9\u05dd \u05e2\u05d9\u05e8\u05d5\u05e0\u05d9\u05d9\u05dd \u05de\u05e4\u05d5\u05d0\u05e8\u05d9\u05dd. \u05d1\u05e0\u05d5\u05e1\u05e3 \u05ea\u05d5\u05db\u05dc\u05d5 \u05dc\u05d4\u05e0\u05d5\u05ea \u05d1\u05e2\u05d9\u05e8 \u05de\u05e7\u05d6\u05d9\u05e0\u05d5, \u05d0\u05d6\u05d5\u05e8 \u05e2\u05dd \u05d4\u05de\u05d5\u05df \u05de\u05e1\u05e2\u05d3\u05d5\u05ea \u05d5\u05d1\u05ea\u05d9 \u05e7\u05e4\u05d4 \u05d5\u05de\u05d0\u05d5\u05d5\u05d9\u05e8\u05ea \u05d4\u05e0\u05d5\u05e4\u05e9 \u05e9\u05e9\u05d5\u05db\u05e0\u05ea \u05d1\u05e2\u05d9\u05e8 \u05d1\u05d7\u05d5\u05d3\u05e9\u05d9 \u05d4\u05e7\u05d9\u05e5. \u05de\u05d9 \u05e9\u05d9\u05d2\u05d9\u05e2 \u05d0\u05dc \u05d4\u05e2\u05d9\u05e8 \u05d1\u05d7\u05d5\u05d3\u05e9 \u05e4\u05d1\u05e8\u05d5\u05d0\u05e8 \u05d9\u05d4\u05e0\u05d4 \u05d2\u05dd \u05de\u05e4\u05e1\u05d8\u05d9\u05d1\u05dc \u05d4\u05d6\u05de\u05e8 \u05d4\u05e9\u05e0\u05ea\u05d9 \u05d4\u05de\u05ea\u05e7\u05d9\u05d9\u05dd \u05d1\u05ea\u05e7\u05d5\u05e4\u05d4 \u05d6\u05d5.<\/p>\n<p><strong>\u05d0\u05d8\u05e8\u05e7\u05e6\u05d9\u05d5\u05ea \u05d5\u05d9\u05e0\u05d9\u05d4 \u05d3\u05dc \u05de\u05d0\u05e8-<\/strong><\/p>\n<p><strong>\u05e4\u05e1\u05d8\u05d9\u05d1\u05dc \u05d4\u05d6\u05de\u05e8 \u05d4\u05d1\u05d9\u05e0\u05dc\u05d0\u05d5\u05de\u05d9 (Festival Internacional de la Cancion) &#8211;<\/strong><\/p>\n<p>\u05e4\u05e1\u05d8\u05d9\u05d1\u05dc \u05d6\u05d4 \u05e7\u05d9\u05d9\u05dd \u05db\u05d1\u05e8 \u05dc\u05de\u05e2\u05dc\u05d4 \u05de-50 \u05e9\u05e0\u05d4 \u05d5\u05d1\u05db\u05dc \u05e9\u05e0\u05d4 \u05de\u05d2\u05d9\u05e2\u05d9\u05dd \u05dc\u05d4\u05d5\u05e4\u05d9\u05e2 \u05de\u05d5\u05e1\u05d9\u05e7\u05d0\u05d9\u05dd \u05e9\u05d5\u05e0\u05d9\u05dd \u05de\u05e8\u05d7\u05d1\u05d9 \u05d4\u05e2\u05d5\u05dc\u05dd. \u05d4\u05e4\u05e1\u05d8\u05d9\u05d1\u05dc \u05e0\u05d7\u05e9\u05d1 \u05dc\u05d0\u05d7\u05d3 \u05d4\u05d0\u05d9\u05e8\u05d5\u05e2\u05d9\u05dd \u05d4\u05de\u05d5\u05e1\u05d9\u05e7\u05dc\u05d9\u05d9\u05dd \u05d4\u05d7\u05e9\u05d5\u05d1\u05d9\u05dd \u05d1\u05d9\u05d5\u05ea\u05e8 \u05d1\u05d0\u05de\u05e8\u05d9\u05e7\u05d4 \u05d4\u05dc\u05d8\u05d9\u05e0\u05d9\u05ea. \u05d0\u05dd \u05d9\u05d5\u05e6\u05d0 \u05dc\u05db\u05dd \u05dc\u05d4\u05d2\u05d9\u05e2 \u05d0\u05dc \u05d5\u05d9\u05e0\u05d9\u05d4 \u05d3\u05dc \u05de\u05e8 \u05d1\u05de\u05d4\u05dc\u05da \u05d7\u05d5\u05d3\u05e9 \u05e4\u05d1\u05e8\u05d5\u05d0\u05e8, \u05db\u05d3\u05d0\u05d9 \u05de\u05d0\u05d5\u05d3 \u05e9\u05dc\u05d0 \u05dc\u05e4\u05e1\u05e4\u05e1 \u05d0\u05ea \u05d4\u05de\u05d0\u05d5\u05e8\u05e2, \u05d6\u05d4 \u05d1\u05d4\u05d7\u05dc\u05d8 \u05d0\u05d9\u05e8\u05d5\u05e2 \u05de\u05e8\u05e9\u05d9\u05dd \u05e9\u05d9\u05db\u05d5\u05dc \u05dc\u05d4\u05d9\u05d5\u05ea \u05dc\u05d7\u05d5\u05d5\u05d9\u05d4 \u05d9\u05d5\u05e6\u05d0\u05ea \u05d3\u05d5\u05e4\u05df \u05d5\u05de\u05d9\u05d5\u05d7\u05d3\u05ea.<\/p>\n<p><strong>\u05d7\u05e8\u05d3\u05d9\u05df \u05d1\u05d5\u05d8\u05e0\u05d9\u05e7\u05d5 (jardin botanico nacional)-<\/strong><\/p>\n<p>\u05d2\u05df \u05d1\u05d5\u05d8\u05e0\u05d9 \u05e2\u05e0\u05e7\u05d9 \u05d4\u05de\u05ea\u05e4\u05e8\u05e1 \u05e2\u05dc \u05e9\u05d8\u05d7 \u05e9\u05dc \u05db-610 \u05d3\u05d5\u05e0\u05dd, \u05d1\u05de\u05e7\u05d5\u05dd \u05ea\u05d5\u05db\u05dc\u05d5 \u05dc\u05de\u05e6\u05d5\u05d0 \u05db\u05d0\u05df \u05dc\u05de\u05e2\u05dc\u05d4 \u05de- 3000 \u05d6\u05e0\u05d9\u05dd \u05e9\u05d5\u05e0\u05d9\u05dd \u05e9\u05dc \u05e6\u05de\u05d7\u05d9\u05d9\u05d4.\u05d4\u05de\u05e7\u05d5\u05dd \u05d6\u05d4\u05d5 \u05d4\u05d2\u05df \u05d4\u05de\u05e8\u05e9\u05d9\u05dd \u05d1\u05d9\u05d5\u05ea\u05e8 \u05d5\u05de\u05d4\u05d5\u05d5\u05d4 \u05d2\u05dd \u05d4\u05d2\u05df \u05d1\u05d5\u05d8\u05e0\u05d9 \u05d4\u05dc\u05d0\u05d5\u05de\u05d9 \u05e9\u05dc \u05e6'\u05d9\u05dc\u05d4.<\/p>\n<p><strong>\u05d4\u05d2\u05e2\u05d4-<\/strong><\/p>\n<p>\u05db\u05ea\u05d5\u05d1\u05ea- Camino El Olivar s\/n El Salto \u05d4\u05d2\u05df \u05e0\u05de\u05e6\u05d0 \u05d1\u05d9\u05e6\u05d9\u05d0\u05d4 \u05de\u05d4\u05e2\u05d9\u05e8 (\u05db-20 \u05d3\u05e7\u05d5\u05ea \u05d1\u05e0\u05e1\u05d9\u05e2\u05d4 \u05d1\u05d0\u05d5\u05d8\u05d5\u05d1\u05d5\u05e1)<\/p>\n<p>\u05d4\u05db\u05e0\u05d9\u05e1\u05d4 \u05db\u05e8\u05d5\u05db\u05d4 \u05d1\u05ea\u05e9\u05dc\u05d5\u05dd.<\/p>\n<p>&nbsp;<\/p>\n<p><strong>\u05d4\u05e7\u05d6\u05d9\u05e0\u05d5 \u05d4\u05e2\u05d9\u05e8\u05d5\u05e0\u05d9 (Municipal\u00a0 Casino)-<\/strong><\/p>\n<p>\u05d4\u05e7\u05d6\u05d9\u05e0\u05d5 \u05d1\u05e2\u05d9\u05e8 \u05d1\u05d4\u05d7\u05dc\u05d8 \u05de\u05e8\u05e9\u05d9\u05dd \u05d5\u05d9\u05e4\u05d4 \u05de\u05d4 \u05e9\u05de\u05e2\u05d8 \u05de\u05d5\u05d6\u05e8 \u05d4\u05d5\u05d0 \u05e9\u05e6\u05e8\u05d9\u05da \u05dc\u05e9\u05dc\u05dd \u05db\u05e0\u05d9\u05e1\u05d4 \u05d1\u05e1\u05db\u05d5\u05dd \u05e9\u05e0\u05e2 \u05d1\u05d9\u05df 5-10 \u05d3\u05d5\u05dc\u05e8. \u05d1\u05de\u05e7\u05d5\u05dd \u05ea\u05d5\u05db\u05dc\u05d5 \u05dc\u05d4\u05de\u05e8 \u05d1\u05de\u05db\u05d5\u05e0\u05d5\u05ea \u05d5\u05e9\u05d5\u05dc\u05d7\u05e0\u05d5\u05ea. \u05e9\u05d9\u05de\u05d5 \u05dc\u05d1 \u05db\u05d9 \u05d9\u05e9 \u05e7\u05d5\u05d3 \u05dc\u05d1\u05d5\u05e9 \u05de\u05d0\u05d3 \u05d1\u05e8\u05d5\u05e8 \u05d5\u05dc\u05db\u05df \u05dc\u05d1\u05e9\u05d5 \u05de\u05e9\u05d4\u05d5 \u05d4\u05d5\u05dc\u05dd \u00a0\u05d5\u05de\u05d5\u05e9\u05e7\u05e2 \u05d0\u05d7\u05e8\u05ea \u05dc\u05d0 \u05d9\u05db\u05e0\u05d9\u05e1\u05d5 \u05d0\u05ea\u05db\u05dd \u05dc\u05de\u05e7\u05d5\u05dd.<\/p>\n<p>&nbsp;<\/p>\n<p><strong>\u05d4\u05d5\u05e1\u05d8\u05dc\u05d9\u05dd \u05d5\u05d9\u05e0\u05d9\u05d4 \u05d3\u05dc \u05de\u05d0\u05e8-<\/strong><\/p>\n<p><strong>Hostel Quinta del Mar-<\/strong><\/p>\n<p>\u05d4\u05d5\u05e1\u05d8\u05dc \u05d7\u05d3\u05e9 \u05d5\u05de\u05d5\u05e9\u05e7\u05e2 \u05d1\u05d5 \u05ea\u05de\u05e6\u05d0\u05d5 \u05d7\u05d3\u05e8\u05d9\u05dd \u05e2\u05dd \u05e9\u05d9\u05e8\u05d5\u05ea\u05d9\u05dd \u05e4\u05e8\u05d8\u05d9\u05d9\u05dd \u05d5\u05db\u05d0\u05dc\u05d5 \u05dc\u05dc\u05d0, \u05d1\u05de\u05e7\u05d5\u05dd \u05d2\u05dd \u05de\u05d8\u05d1\u05d7 \u05d7\u05d3\u05e9, \u05d0\u05d9\u05d8\u05e0\u05e8\u05e0\u05d8 \u05d0\u05dc\u05d7\u05d5\u05d8\u05d9 \u05d5\u05de\u05d9\u05dd \u05d7\u05de\u05d9\u05dd. \u05d4\u05d4\u05d5\u05e1\u05d8\u05dc \u05de\u05de\u05d5\u05e7\u05dd \u05d1\u05de\u05d9\u05e7\u05d5\u05dd \u05de\u05e2\u05d5\u05dc\u05d4 \u05d5\u05de\u05e8\u05db\u05d6\u05d9 \u05de\u05d0\u05d5\u05d3 \u05d1\u05e2\u05d9\u05e8. \u05d4\u05d4\u05d5\u05e1\u05d8\u05dc \u05d1\u05e2\u05dc \u05d0\u05d5\u05d5\u05d9\u05e8\u05d4 \u05d8\u05d5\u05d1\u05d4 \u05d5\u05de\u05d5\u05de\u05dc\u05e5 \u05e2\u05dc \u05d9\u05d3\u05d9 \u05de\u05d8\u05d9\u05d9\u05dc\u05d9\u05dd.<\/p>\n<p>\u05de\u05d1\u05d7\u05d9\u05e0\u05ea \u05de\u05d7\u05d9\u05e8\u05d9\u05dd \u05d7\u05d3\u05e8 \u05e2\u05dd \u05e9\u05e8\u05d5\u05ea\u05d9\u05dd \u05e4\u05e8\u05d8\u05d9\u05d9\u05dd \u05e2\u05d5\u05dc\u05d4\u00a0 \u05de\u05d0\u05d5\u05d3 \u05d9\u05e7\u05e8 \u05d0\u05da \u05d7\u05d3\u05e8 \u05e2\u05dd \u05e9\u05e8\u05d5\u05ea\u05d9\u05dd \u05de\u05e9\u05d5\u05ea\u05e4\u05d9\u05dd \u05d9\u05e2\u05dc\u05d4 \u05de\u05d7\u05d9\u05e8 \u05e1\u05d1\u05d9\u05e8 \u05d1\u05d4\u05d7\u05dc\u05d8 \u05e9\u05dc \u05d1\u05e1\u05d1\u05d9\u05d1\u05d5\u05ea \u05d4-14 \u05d3\u05d5\u05dc\u05e8\u05d9\u05dd \u05dc\u05dc\u05d9\u05dc\u05d4.<\/p>\n<div class=\"mod\" data-md=\"1002\" data-ved=\"0ahUKEwiJ_8HKt6POAhVIahoKHWSODm8QkCkIfigCMA4\">\n<div class=\"_eFb\">\n<div class=\"_mr kno-fb-ctx\" data-dtype=\"d3adr\" data-ved=\"0ahUKEwiJ_8HKt6POAhVIahoKHWSODm8QghwIfygAMA4\"><span class=\"_xdb\">\u05db\u05ea\u05d5\u05d1\u05ea-\u00a0<\/span><span class=\"_Xbe\" dir=\"ltr\">O'Higgins, Vi\u00f1a del Mar, Quinta Regi\u00f3n de Valpara\u00edso<\/span><\/div>\n<\/div>\n<\/div>\n","protected":false},"excerpt":{"rendered":"<p>\u05d4\u05e2\u05d9\u05e8 \u05e9\u05e0\u05de\u05e6\u05d0\u05ea \u05d1\u05de\u05e8\u05db\u05d6 \u05e6'\u05d9\u05dc\u05d4 \u05e9\u05d5\u05db\u05e0\u05ea \u05d1\u05e1\u05de\u05d5\u05da \u05dc\u05d5\u05d5\u05dc\u05e4\u05e8\u05d0\u05d9\u05e1\u05d5 \u05d5\u05dc\u05d0 \u05e8\u05d7\u05d5\u05e7 \u05de\u05d4\u05d1\u05d9\u05e8\u05d4 \u05e1\u05e0\u05d8\u05d9\u05d0\u05d2\u05d5, \u05de\u05e2\u05d1\u05e8 \u05dc\u05db\u05da \u05d4\u05e2\u05d9\u05e8 \u05d4\u05d9\u05e0\u05d4 \u05d4\u05d9\u05d0 \u05d4\u05e8\u05d1\u05d9\u05e2\u05d9\u05ea \u05d1\u05d2\u05d5\u05d3\u05dc\u05d4 \u05d5\u05d0\u05d5\u05db\u05dc\u05d5\u05e1\u05d9\u05ea\u05d4 \u05de\u05d5\u05e0\u05d4 \u05dc\u05de\u05e2\u05dc\u05d4 \u05de- 300,000 \u05ea\u05d5\u05e9\u05d1\u05d9\u05dd. \u05d5\u05d9\u05e0\u05d9\u05d4 \u05d3\u05dc \u05de\u05d0\u05e8 \u05d9\u05d3\u05d5\u05e2\u05d4 \u05db\u05e2\u05d9\u05e8 \u05e4\u05d5\u05e4\u05d5\u05dc\u05e8\u05d9\u05ea \u05d5\u05ea\u05d9\u05d9\u05e8\u05d5\u05ea\u05d9\u05ea \u05de\u05d0\u05d5\u05d3 \u05d4\u05de\u05d5\u05e9\u05db\u05ea \u05d0\u05dc\u05d9\u05d4 \u05ea\u05d9\u05d9\u05e8\u05d9\u05dd \u05e8\u05d1\u05d9\u05dd \u05de\u05e6'\u05d9\u05dc\u05d4 \u05d5\u05de\u05d7\u05d5\u05e6\u05d4 \u05dc\u05d4 \u05d1\u05e2\u05d9\u05e7\u05e8 \u05d1\u05d6\u05db\u05d5\u05ea \u05d7\u05d5\u05e4\u05d9\u05d4 \u05d4\u05de\u05e8\u05d4\u05d9\u05d1\u05d9\u05dd. \u05de\u05dc\u05d1\u05d3 \u05d7\u05d5\u05e4\u05d9 \u05d4\u05d9\u05dd \u05d4\u05de\u05e8\u05e9\u05d9\u05de\u05d9\u05dd \u05ea\u05d5\u05db\u05dc\u05d5 \u05d2\u05dd \u05dc\u05d9\u05d4\u05e0\u05d5\u05ea \u05de\u05d4\u05e2\u05d9\u05e8 \u05d4\u05de\u05e1\u05d5\u05d3\u05e8\u05ea \u05d5\u05d4\u05de\u05d8\u05d5\u05e4\u05d7\u05ea \u05dc\u05d4\u05e4\u05dc\u05d9\u05d0 \u05e9\u05de\u05dc\u05d0\u05d4 [&hellip;]<\/p>\n","protected":false},"author":1,"featured_media":0,"parent":668,"menu_order":0,"comment_status":"closed","ping_status":"closed","template":"","meta":[],"_links":{"self":[{"href":"https:\/\/latini.co.il\/index.php?rest_route=\/wp\/v2\/pages\/679"}],"collection":[{"href":"https:\/\/latini.co.il\/index.php?rest_route=\/wp\/v2\/pages"}],"about":[{"href":"https:\/\/latini.co.il\/index.php?rest_route=\/wp\/v2\/types\/page"}],"author":[{"embeddable":true,"href":"https:\/\/latini.co.il\/index.php?rest_route=\/wp\/v2\/users\/1"}],"replies":[{"embeddable":true,"href":"https:\/\/latini.co.il\/index.php?rest_route=%2Fwp%2Fv2%2Fcomments&post=679"}],"version-history":[{"count":1,"href":"https:\/\/latini.co.il\/index.php?rest_route=\/wp\/v2\/pages\/679\/revisions"}],"predecessor-version":[{"id":680,"href":"https:\/\/latini.co.il\/index.php?rest_route=\/wp\/v2\/pages\/679\/revisions\/680"}],"up":[{"embeddable":true,"href":"https:\/\/latini.co.il\/index.php?rest_route=\/wp\/v2\/pages\/668"}],"wp:attachment":[{"href":"https:\/\/latini.co.il\/index.php?rest_route=%2Fwp%2Fv2%2Fmedia&parent=679"}],"curies":[{"name":"wp","href":"https:\/\/api.w.org\/{rel}","templated":true}]}}